{"id":76,"date":"2019-09-19T16:48:31","date_gmt":"2019-09-19T16:48:31","guid":{"rendered":"http:\/\/automaatiohuolto.fi\/?page_id=76"},"modified":"2024-12-31T08:48:57","modified_gmt":"2024-12-31T08:48:57","slug":"kaivinkonepalvelut","status":"publish","type":"page","link":"http:\/\/automaatiohuolto.fi\/index.php\/kaivinkonepalvelut\/","title":{"rendered":"Henkil\u00f6nostin- ja Kaivinkonepalvelut"},"content":{"rendered":"\n<p>Toteutamme esimerkiksi kaapeli- ja salaojien kaivuuty\u00f6t joustavasti tunti- tai urakkahinnoittelun perustuen.<\/p>\n\n\n\n<p>K\u00e4yt\u00f6ss\u00e4mme on Kubota Dino 210 xr<\/p>\n\n\n\n<p>&#8221;<img loading=\"lazy\" decoding=\"async\" width=\"150\" height=\"249\" class=\"wp-image-90\" style=\"width: 150px;\" src=\"http:\/\/automaatiohuolto.fi\/wp-content\/uploads\/2020\/01\/dino.png\" alt=\"\"><\/p>\n","protected":false},"excerpt":{"rendered":"<p>Toteutamme esimerkiksi kaapeli- ja salaojien kaivuuty\u00f6t joustavasti tunti- tai urakkahinnoittelun perustuen. K\u00e4yt\u00f6ss\u00e4mme on Kubota Dino 210 xr &#8221;<\/p>\n","protected":false},"author":1,"featured_media":0,"parent":0,"menu_order":0,"comment_status":"closed","ping_status":"closed","template":"","meta":{"footnotes":""},"class_list":["post-76","page","type-page","status-publish","hentry"],"_links":{"self":[{"href":"http:\/\/automaatiohuolto.fi\/index.php\/wp-json\/wp\/v2\/pages\/76","targetHints":{"allow":["GET"]}}],"collection":[{"href":"http:\/\/automaatiohuolto.fi\/index.php\/wp-json\/wp\/v2\/pages"}],"about":[{"href":"http:\/\/automaatiohuolto.fi\/index.php\/wp-json\/wp\/v2\/types\/page"}],"author":[{"embeddable":true,"href":"http:\/\/automaatiohuolto.fi\/index.php\/wp-json\/wp\/v2\/users\/1"}],"replies":[{"embeddable":true,"href":"http:\/\/automaatiohuolto.fi\/index.php\/wp-json\/wp\/v2\/comments?post=76"}],"version-history":[{"count":3,"href":"http:\/\/automaatiohuolto.fi\/index.php\/wp-json\/wp\/v2\/pages\/76\/revisions"}],"predecessor-version":[{"id":104,"href":"http:\/\/automaatiohuolto.fi\/index.php\/wp-json\/wp\/v2\/pages\/76\/revisions\/104"}],"wp:attachment":[{"href":"http:\/\/automaatiohuolto.fi\/index.php\/wp-json\/wp\/v2\/media?parent=76"}],"curies":[{"name":"wp","href":"https:\/\/api.w.org\/{rel}","templated":true}]}}