{"id":2,"date":"2019-06-05T11:39:57","date_gmt":"2019-06-05T11:39:57","guid":{"rendered":"http:\/\/automaatiohuolto.fi\/?page_id=2"},"modified":"2019-09-16T16:01:45","modified_gmt":"2019-09-16T16:01:45","slug":"sample-page","status":"publish","type":"page","link":"https:\/\/automaatiohuolto.fi\/index.php\/sample-page\/","title":{"rendered":"Automaatioratkaisut ja -palvelut"},"content":{"rendered":"\n<p class=\"has-text-color has-very-dark-gray-color\">S\u00e4hk\u00f6palvelu Juha Palonen Oy toteuttaa valvonta- ja ohjausj\u00e4rjestelmien automaatioratkaisut luotettavasti pitk\u00e4ll\u00e4 kokemuksella. <\/p>\n\n\n\n<p> Kii<\/p>\n\n\n\n<h2 class=\"wp-block-heading\"> <strong>Suunnittelupalvelu <\/strong><\/h2>\n\n\n\n<p>Suunnittelu palveluihimme sis\u00e4lt\u00e4\u00e4 kentt\u00e4 I\/O ratkaisut, logiikkasuunnittelut ja laitevalinnat.  <br>Kiinteist\u00f6automaatiopalvelut kattavat projektitoimitukset, komponentit, j\u00e4rjestelm\u00e4suunnittelun, ohjelmointi\u2013 ja keskusty\u00f6t. Luonnollisesti asennus\u2013 ja huoltotoiminta kuuluu palveluihin.  <\/p>\n\n\n\n<h2 class=\"wp-block-heading\"><strong> Automaatioratkaisut <\/strong><\/h2>\n\n\n\n<p>  Valikoimasta l\u00f6ytyy anturit, l\u00e4hettimet, venttiilit ja toimilaitteet, digitaalis\u00e4\u00e4timet, ExoCompact ja Corrigo E, laajennettavat Exoflex \u2013j\u00e4rjestelm\u00e4t ExoScada- valvomo-ohjelmistoineen <br><br>  Erikoiskeskukset, taajuusmuuttajat, automaatiolaitteet, et\u00e4valvonta, kosteuden tai l\u00e4mp\u00f6tilan s\u00e4\u00e4d\u00f6t&#8230; kaikkiin tarpeisiin l\u00f6ytyy ratkaisuja. Erityisesti LVI-automaatioon liittyv\u00e4t korjaus\u2013 ja saneerauspaketit nopeallakin toimitusajalla. Yhteisty\u00f6kumppaneiden avulla isotkin projektit onnistuu avaimet k\u00e4teen \u2013palvelulla <br> <br>  <br> Ratkaisuvaihtoehtoja l\u00f6ytyy ja valikoima kehittyy ja laajenee jatkuvasti. Voit tutustua Regin Ab:n tuotteisiin <strong><a rel=\"noreferrer noopener\" aria-label=\"t\u00e4\u00e4ll\u00e4  (avautuu uudessa v\u00e4lilehdess\u00e4)\" href=\"http:\/\/www.regin.se\" target=\"_blank\"><\/a><a href=\"https:\/\/www.regincontrols.com\/fi-FI\/ETUSIVU\/\" target=\"_blank\" rel=\"noreferrer noopener\" aria-label=\" (avautuu uudessa v\u00e4lilehdess\u00e4)\">t\u00e4\u00e4ll\u00e4<\/a><\/strong><a rel=\"noreferrer noopener\" aria-label=\"t\u00e4\u00e4ll\u00e4  (avautuu uudessa v\u00e4lilehdess\u00e4)\" href=\"http:\/\/www.regin.se\" target=\"_blank\"><\/a><a href=\"https:\/\/www.regincontrols.com\/fi-FI\/ETUSIVU\/\"> <\/a><br><br>Automaatioratkaisuihimme sis\u00e4ltyy esimerkiksi erilaiset protokollamuunnokset, esimerkiksi ModBus TCP\/RTU muunnokset, AD\/DA muunnokset&#8230;&#8230;<\/p>\n\n\n\n<p><\/p>\n","protected":false},"excerpt":{"rendered":"<p>S\u00e4hk\u00f6palvelu Juha Palonen Oy toteuttaa valvonta- ja ohjausj\u00e4rjestelmien automaatioratkaisut luotettavasti pitk\u00e4ll\u00e4 kokemuksella. Kii Suunnittelupalvelu Suunnittelu palveluihimme sis\u00e4lt\u00e4\u00e4 kentt\u00e4 I\/O ratkaisut, logiikkasuunnittelut ja laitevalinnat. Kiinteist\u00f6automaatiopalvelut kattavat projektitoimitukset, komponentit, j\u00e4rjestelm\u00e4suunnittelun, ohjelmointi\u2013 ja keskusty\u00f6t. Luonnollisesti asennus\u2013 ja huoltotoiminta kuuluu palveluihin. Automaatioratkaisut Valikoimasta l\u00f6ytyy anturit, l\u00e4hettimet, venttiilit ja toimilaitteet, digitaalis\u00e4\u00e4timet, ExoCompact ja Corrigo E, laajennettavat Exoflex \u2013j\u00e4rjestelm\u00e4t ExoScada- valvomo-ohjelmistoineen [&hellip;]<\/p>\n","protected":false},"author":1,"featured_media":0,"parent":0,"menu_order":0,"comment_status":"closed","ping_status":"closed","template":"","meta":{"footnotes":""},"class_list":["post-2","page","type-page","status-publish","hentry"],"_links":{"self":[{"href":"https:\/\/automaatiohuolto.fi\/index.php\/wp-json\/wp\/v2\/pages\/2","targetHints":{"allow":["GET"]}}],"collection":[{"href":"https:\/\/automaatiohuolto.fi\/index.php\/wp-json\/wp\/v2\/pages"}],"about":[{"href":"https:\/\/automaatiohuolto.fi\/index.php\/wp-json\/wp\/v2\/types\/page"}],"author":[{"embeddable":true,"href":"https:\/\/automaatiohuolto.fi\/index.php\/wp-json\/wp\/v2\/users\/1"}],"replies":[{"embeddable":true,"href":"https:\/\/automaatiohuolto.fi\/index.php\/wp-json\/wp\/v2\/comments?post=2"}],"version-history":[{"count":6,"href":"https:\/\/automaatiohuolto.fi\/index.php\/wp-json\/wp\/v2\/pages\/2\/revisions"}],"predecessor-version":[{"id":99,"href":"https:\/\/automaatiohuolto.fi\/index.php\/wp-json\/wp\/v2\/pages\/2\/revisions\/99"}],"wp:attachment":[{"href":"https:\/\/automaatiohuolto.fi\/index.php\/wp-json\/wp\/v2\/media?parent=2"}],"curies":[{"name":"wp","href":"https:\/\/api.w.org\/{rel}","templated":true}]}}